{"id":3101,"date":"2023-04-12T16:36:26","date_gmt":"2023-04-12T14:36:26","guid":{"rendered":"https:\/\/ace-electromenager.ch\/privacy-policy\/"},"modified":"2026-02-12T13:14:49","modified_gmt":"2026-02-12T12:14:49","slug":"privacy-policy","status":"publish","type":"page","link":"https:\/\/ace-electromenager.ch\/en\/privacy-policy\/","title":{"rendered":"Privacy Policy"},"content":{"rendered":"\t\t<div data-elementor-type=\"wp-page\" data-elementor-id=\"3101\" class=\"elementor elementor-3101 elementor-1067\" data-elementor-post-type=\"page\">\n\t\t\t\t<div class=\"elementor-element elementor-element-52f995d e-flex e-con-boxed e-con e-parent\" data-id=\"52f995d\" data-element_type=\"container\" data-e-type=\"container\">\n\t\t\t\t\t<div class=\"e-con-inner\">\n\t\t\t\t<div class=\"elementor-element elementor-element-7816f1d elementor-widget elementor-widget-text-editor\" data-id=\"7816f1d\" data-element_type=\"widget\" data-e-type=\"widget\" data-widget_type=\"text-editor.default\">\n\t\t\t\t<div class=\"elementor-widget-container\">\n\t\t\t\t\t\t\t\t\t<div class=\"et_pb_row et_pb_row_0\"><div class=\"et_pb_column et_pb_column_4_4 et_pb_column_0 et_pb_css_mix_blend_mode_passthrough et-last-child\"><div class=\"et_pb_module et_pb_text et_pb_text_0 et_pb_text_align_center et_pb_bg_layout_light\"><div class=\"et_pb_text_inner\"><h2>Privacy Policy<\/h2><\/div><\/div><\/div><\/div><div class=\"et_pb_row et_pb_row_1\"><div class=\"et_pb_column et_pb_column_4_4 et_pb_column_1 et_pb_css_mix_blend_mode_passthrough et-last-child\"><div class=\"et_pb_module et_pb_text et_pb_text_1 et_pb_text_align_left et_pb_bg_layout_light\"><div class=\"et_pb_text_inner\"><p>At Ace Electrom\u00e9nager, protecting confidentiality and ensuring the respect of your personal data are paramount.<\/p><p>We protect your privacy by ensuring the protection, confidentiality, integrity, availability, and security of the data you entrust to us across all our communication channels.<\/p><p>To achieve this, we implement technical and organizational measures in accordance with applicable data protection law.<\/p><\/div><\/div><div class=\"et_pb_module et_pb_text et_pb_text_2 et_pb_text_align_left et_pb_bg_layout_light\"><div class=\"et_pb_text_inner\"><h3><strong>1. WHO ARE WE?<\/strong><\/h3><p>Ace Electrom\u00e9nager is a SA (public limited company), represented by Joss Espasandin, as director, with its registered office located in Switzerland, Zone industrielle Le Tr\u00e9si 6D, Pr\u00e9verenges, 1028.<\/p><p>Ace Electrom\u00e9nager publishes the Ace Electrom\u00e9nager website and, as such, processes your data in various ways as a data controller.<\/p><\/div><\/div><div class=\"et_pb_module et_pb_text et_pb_text_3 et_pb_text_align_left et_pb_bg_layout_light\"><div class=\"et_pb_text_inner\"><h3><strong>2. WHEN DO WE PROCESS YOUR DATA AND WHO PROCESSES YOUR DATA?<\/strong><\/h3><p><strong>2.1. Why do we collect your personal data?<\/strong><\/p><p>We may collect your data when:<\/p><p>1. You use our contact form.<\/p><p>We process your data in order to:<\/p><p>1. Respond to your request with as much detail as possible when you use our contact form.<\/p><p><strong>2.2 Who processes your data?<\/strong><\/p><p>Only Ace Electrom\u00e9nager&#8217;s internal departments can access the data you send us via the contact form.<\/p><\/div><\/div><div class=\"et_pb_module et_pb_text et_pb_text_4 et_pb_text_align_left et_pb_bg_layout_light\"><div class=\"et_pb_text_inner\"><p><strong>3. HOW LONG DO WE RETAIN YOUR DATA?<\/strong><\/p><p>Your data is retained by Ace Electrom\u00e9nager only for the time necessary to carry out the processing described in paragraph 2.<\/p><p>The personal data you provide directly by sending us an email is deleted as soon as we have answered your questions and no longer need it.<\/p><\/div><\/div><div class=\"et_pb_module et_pb_text et_pb_text_5 et_pb_text_align_left et_pb_bg_layout_light\"><div class=\"et_pb_text_inner\"><p><strong>4. WHAT RIGHTS DO YOU HAVE AND HOW TO EXERCISE THEM?<\/strong><\/p><p><strong>4.1 Your Rights<\/strong><\/p><p>You have the right to:<\/p><p>1. Request access to and rectification of your data.<br>2. Request restriction of the processing of your data.<br>3. Request the deletion of your data.<br>4. Object to the use of your data for commercial prospecting purposes.<br>5. Request the portability of your data.<\/p><p><strong>4.2. Restriction of the processing of your data<\/strong><\/p><p>In the event of a data restriction request, you must dispute the accuracy of your data for the period during which we can verify its accuracy.<\/p><p>You can also assert your right if we no longer need your data for the processing discussed in paragraph 2, but it is still necessary for the establishment, exercise, or defense of your legal rights.<\/p><p><strong>4.3 How to assert your rights<\/strong><\/p><p>If you wish to access, delete, rectify, port, or restrict the processing of your data, you can contact us at the following email address:<\/p><p><a href=\"mailto:info@ace-electromenager.ch\">info@ace-electromenager.ch<\/a><\/p><p>We will send you a response within a maximum of one (1) month following the date of receipt of your request.<\/p><\/div><\/div><div class=\"et_pb_module et_pb_text et_pb_text_6 et_pb_text_align_left et_pb_bg_layout_light\"><div class=\"et_pb_text_inner\"><h3><strong>5. COOKIES<\/strong><\/h3><p><strong>5.1 What types of cookies are present on our site<\/strong><\/p><p>There are no cookies present on our site.<\/p><\/div><\/div><div class=\"et_pb_module et_pb_text et_pb_text_7 et_pb_text_align_left et_pb_bg_layout_light\"><div class=\"et_pb_text_inner\"><h3><strong>6. TRANSFERS OUTSIDE THE EUROPEAN UNION<\/strong><\/h3><p>We store your data in Switzerland.<br>We do not transfer your data to any other third country.<\/p><\/div><\/div><div class=\"et_pb_module et_pb_text et_pb_text_8 et_pb_text_align_left et_pb_bg_layout_light\"><div class=\"et_pb_text_inner\"><h3><strong>7. SECURITY MEASURES<\/strong><\/h3><p>We implement a variety of technical and organizational measures to preserve the security and integrity of your personal information.<\/p><p>We also protect your information offline. Personal information you send us via the contact form is only accessible to employees who need it. <\/p><p>The devices and servers on which personal information is stored are kept in a secure environment.<\/p><\/div><\/div><div class=\"et_pb_module et_pb_text et_pb_text_9 et_pb_text_align_left et_pb_bg_layout_light\"><div class=\"et_pb_text_inner\"><h3><strong>8. REVISION A<\/strong><strong>ND UPDATE OF THE POLICY<\/strong><\/h3><p>Our policy will be updated whenever necessary to meet the various requirements of data protection regulations.<\/p><p>Date of last update: 2020-02-22<\/p><\/div><\/div><\/div><\/div>\t\t\t\t\t\t\t\t<\/div>\n\t\t\t\t<\/div>\n\t\t\t\t\t<\/div>\n\t\t\t\t<\/div>\n\t\t\t\t<\/div>\n\t\t","protected":false},"excerpt":{"rendered":"<p>Privacy Policy At Ace Electrom\u00e9nager, protecting confidentiality and ensuring the respect of your personal data are paramount. We protect your privacy by ensuring the protection, confidentiality, integrity, availability, and security of the data you entrust to us across all our communication channels. To achieve this, we implement technical and organizational measures in accordance with applicable [&hellip;]<\/p>\n","protected":false},"author":2,"featured_media":0,"parent":0,"menu_order":0,"comment_status":"closed","ping_status":"closed","template":"","meta":{"footnotes":""},"class_list":["post-3101","page","type-page","status-publish","hentry"],"yoast_head":"<!-- This site is optimized with the Yoast SEO plugin v27.0 - https:\/\/yoast.com\/product\/yoast-seo-wordpress\/ -->\n<title>Privacy Policy - Ace \u00e9lectrom\u00e9nager<\/title>\n<meta name=\"description\" content=\"Privacy Policy Ace \u00e9lectrom\u00e9nager\" \/>\n<meta name=\"robots\" content=\"index, follow, max-snippet:-1, max-image-preview:large, max-video-preview:-1\" \/>\n<link rel=\"canonical\" href=\"https:\/\/ace-electromenager.ch\/en\/privacy-policy\/\" \/>\n<meta property=\"og:locale\" content=\"en_US\" \/>\n<meta property=\"og:type\" content=\"article\" \/>\n<meta property=\"og:title\" content=\"Privacy Policy - Ace \u00e9lectrom\u00e9nager\" \/>\n<meta property=\"og:description\" content=\"Privacy Policy Ace \u00e9lectrom\u00e9nager\" \/>\n<meta property=\"og:url\" content=\"https:\/\/ace-electromenager.ch\/en\/privacy-policy\/\" \/>\n<meta property=\"og:site_name\" content=\"Ace \u00e9lectrom\u00e9nager\" \/>\n<meta property=\"article:publisher\" content=\"https:\/\/www.facebook.com\/aceelectromenager\/\" \/>\n<meta property=\"article:modified_time\" content=\"2026-02-12T12:14:49+00:00\" \/>\n<meta name=\"twitter:card\" content=\"summary_large_image\" \/>\n<meta name=\"twitter:label1\" content=\"Est. reading time\" \/>\n\t<meta name=\"twitter:data1\" content=\"3 minutes\" \/>\n<script type=\"application\/ld+json\" class=\"yoast-schema-graph\">{\"@context\":\"https:\/\/schema.org\",\"@graph\":[{\"@type\":\"WebPage\",\"@id\":\"https:\/\/ace-electromenager.ch\/en\/privacy-policy\/\",\"url\":\"https:\/\/ace-electromenager.ch\/en\/privacy-policy\/\",\"name\":\"Privacy Policy - Ace \u00e9lectrom\u00e9nager\",\"isPartOf\":{\"@id\":\"https:\/\/ace-electromenager.ch\/en\/#website\"},\"datePublished\":\"2023-04-12T14:36:26+00:00\",\"dateModified\":\"2026-02-12T12:14:49+00:00\",\"description\":\"Privacy Policy Ace \u00e9lectrom\u00e9nager\",\"inLanguage\":\"en-US\",\"potentialAction\":[{\"@type\":\"ReadAction\",\"target\":[\"https:\/\/ace-electromenager.ch\/en\/privacy-policy\/\"]}]},{\"@type\":\"WebSite\",\"@id\":\"https:\/\/ace-electromenager.ch\/en\/#website\",\"url\":\"https:\/\/ace-electromenager.ch\/en\/\",\"name\":\"Ace \u00e9lectrom\u00e9nager\",\"description\":\"VOTRE SERVICE GAGNANT!\",\"publisher\":{\"@id\":\"https:\/\/ace-electromenager.ch\/en\/#organization\"},\"potentialAction\":[{\"@type\":\"SearchAction\",\"target\":{\"@type\":\"EntryPoint\",\"urlTemplate\":\"https:\/\/ace-electromenager.ch\/en\/?s={search_term_string}\"},\"query-input\":{\"@type\":\"PropertyValueSpecification\",\"valueRequired\":true,\"valueName\":\"search_term_string\"}}],\"inLanguage\":\"en-US\"},{\"@type\":\"Organization\",\"@id\":\"https:\/\/ace-electromenager.ch\/en\/#organization\",\"name\":\"Ace \u00e9lectrom\u00e9nager\",\"url\":\"https:\/\/ace-electromenager.ch\/en\/\",\"logo\":{\"@type\":\"ImageObject\",\"inLanguage\":\"en-US\",\"@id\":\"https:\/\/ace-electromenager.ch\/en\/#\/schema\/logo\/image\/\",\"url\":\"https:\/\/ace-electromenager.ch\/wp-content\/uploads\/2023\/04\/Group-2.png\",\"contentUrl\":\"https:\/\/ace-electromenager.ch\/wp-content\/uploads\/2023\/04\/Group-2.png\",\"width\":531,\"height\":531,\"caption\":\"Ace \u00e9lectrom\u00e9nager\"},\"image\":{\"@id\":\"https:\/\/ace-electromenager.ch\/en\/#\/schema\/logo\/image\/\"},\"sameAs\":[\"https:\/\/www.facebook.com\/aceelectromenager\/\",\"https:\/\/www.linkedin.com\/company\/aceelectromenager\/\",\"https:\/\/www.instagram.com\/aceelectromenager\/\"]}]}<\/script>\n<!-- \/ Yoast SEO plugin. -->","yoast_head_json":{"title":"Privacy Policy - Ace \u00e9lectrom\u00e9nager","description":"Privacy Policy Ace \u00e9lectrom\u00e9nager","robots":{"index":"index","follow":"follow","max-snippet":"max-snippet:-1","max-image-preview":"max-image-preview:large","max-video-preview":"max-video-preview:-1"},"canonical":"https:\/\/ace-electromenager.ch\/en\/privacy-policy\/","og_locale":"en_US","og_type":"article","og_title":"Privacy Policy - Ace \u00e9lectrom\u00e9nager","og_description":"Privacy Policy Ace \u00e9lectrom\u00e9nager","og_url":"https:\/\/ace-electromenager.ch\/en\/privacy-policy\/","og_site_name":"Ace \u00e9lectrom\u00e9nager","article_publisher":"https:\/\/www.facebook.com\/aceelectromenager\/","article_modified_time":"2026-02-12T12:14:49+00:00","twitter_card":"summary_large_image","twitter_misc":{"Est. reading time":"3 minutes"},"schema":{"@context":"https:\/\/schema.org","@graph":[{"@type":"WebPage","@id":"https:\/\/ace-electromenager.ch\/en\/privacy-policy\/","url":"https:\/\/ace-electromenager.ch\/en\/privacy-policy\/","name":"Privacy Policy - Ace \u00e9lectrom\u00e9nager","isPartOf":{"@id":"https:\/\/ace-electromenager.ch\/en\/#website"},"datePublished":"2023-04-12T14:36:26+00:00","dateModified":"2026-02-12T12:14:49+00:00","description":"Privacy Policy Ace \u00e9lectrom\u00e9nager","inLanguage":"en-US","potentialAction":[{"@type":"ReadAction","target":["https:\/\/ace-electromenager.ch\/en\/privacy-policy\/"]}]},{"@type":"WebSite","@id":"https:\/\/ace-electromenager.ch\/en\/#website","url":"https:\/\/ace-electromenager.ch\/en\/","name":"Ace \u00e9lectrom\u00e9nager","description":"VOTRE SERVICE GAGNANT!","publisher":{"@id":"https:\/\/ace-electromenager.ch\/en\/#organization"},"potentialAction":[{"@type":"SearchAction","target":{"@type":"EntryPoint","urlTemplate":"https:\/\/ace-electromenager.ch\/en\/?s={search_term_string}"},"query-input":{"@type":"PropertyValueSpecification","valueRequired":true,"valueName":"search_term_string"}}],"inLanguage":"en-US"},{"@type":"Organization","@id":"https:\/\/ace-electromenager.ch\/en\/#organization","name":"Ace \u00e9lectrom\u00e9nager","url":"https:\/\/ace-electromenager.ch\/en\/","logo":{"@type":"ImageObject","inLanguage":"en-US","@id":"https:\/\/ace-electromenager.ch\/en\/#\/schema\/logo\/image\/","url":"https:\/\/ace-electromenager.ch\/wp-content\/uploads\/2023\/04\/Group-2.png","contentUrl":"https:\/\/ace-electromenager.ch\/wp-content\/uploads\/2023\/04\/Group-2.png","width":531,"height":531,"caption":"Ace \u00e9lectrom\u00e9nager"},"image":{"@id":"https:\/\/ace-electromenager.ch\/en\/#\/schema\/logo\/image\/"},"sameAs":["https:\/\/www.facebook.com\/aceelectromenager\/","https:\/\/www.linkedin.com\/company\/aceelectromenager\/","https:\/\/www.instagram.com\/aceelectromenager\/"]}]}},"_links":{"self":[{"href":"https:\/\/ace-electromenager.ch\/en\/wp-json\/wp\/v2\/pages\/3101","targetHints":{"allow":["GET"]}}],"collection":[{"href":"https:\/\/ace-electromenager.ch\/en\/wp-json\/wp\/v2\/pages"}],"about":[{"href":"https:\/\/ace-electromenager.ch\/en\/wp-json\/wp\/v2\/types\/page"}],"author":[{"embeddable":true,"href":"https:\/\/ace-electromenager.ch\/en\/wp-json\/wp\/v2\/users\/2"}],"replies":[{"embeddable":true,"href":"https:\/\/ace-electromenager.ch\/en\/wp-json\/wp\/v2\/comments?post=3101"}],"version-history":[{"count":2,"href":"https:\/\/ace-electromenager.ch\/en\/wp-json\/wp\/v2\/pages\/3101\/revisions"}],"predecessor-version":[{"id":3103,"href":"https:\/\/ace-electromenager.ch\/en\/wp-json\/wp\/v2\/pages\/3101\/revisions\/3103"}],"wp:attachment":[{"href":"https:\/\/ace-electromenager.ch\/en\/wp-json\/wp\/v2\/media?parent=3101"}],"curies":[{"name":"wp","href":"https:\/\/api.w.org\/{rel}","templated":true}]}}